{"id":4,"date":"2017-02-23T17:57:26","date_gmt":"2017-02-23T17:57:26","guid":{"rendered":"http:\/\/competencias.industriales.upm.es\/?page_id=4"},"modified":"2019-09-21T21:20:09","modified_gmt":"2019-09-21T20:20:09","slug":"inicio","status":"publish","type":"page","link":"https:\/\/competencias.industriales.upm.es\/","title":{"rendered":"Inicio"},"content":{"rendered":"\n<p>En&nbsp;este sitio encontrar\u00e1 aquella informaci\u00f3n relativa a las competencias <a href=\"http:\/\/www.abet.org\" target=\"_blank\" rel=\"noopener noreferrer\">ABET,&nbsp; EUR-ACE&nbsp;&nbsp;<\/a>y <a href=\"http:\/\/innovacioneducativa.upm.es\/competencias-genericas\/formacionyevaluacion\" target=\"_blank\" rel=\"noopener noreferrer\">UPM <\/a>que se implementan en la formaci\u00f3n de los estudiantes de la<a href=\"http:\/\/www.industriales.upm.es\" target=\"_blank\" rel=\"noopener noreferrer\"> ETS Ingenieros Industriales de Madrid<\/a> de la <a href=\"http:\/\/www.upm.es\" target=\"_blank\" rel=\"noopener noreferrer\">UPM<\/a>.<\/p>\n\n\n\n<p>Pinchando sobre la competencia deseada obtendr\u00e1 informaci\u00f3n sobre los indicadores y actividades recomendadas, as\u00ed como de las mejoras que se vayan incorporando para garantizar su implementaci\u00f3n.<\/p>\n\n\n\n<p>Desde el a\u00f1o 2019 ABET ha modificado las competencias que deben adquirir los egresados de nuestras titulaciones. Esto debe derivar en un proceso donde se aborden las nuevas definiciones, las estrategias y los m\u00e9todos de evaluaci\u00f3n de las mismas.<\/p>\n\n\n\n<p>Las nuevas competencias (ABET7) son:<\/p>\n\n\n\n<table class=\"wp-block-table is-style-stripes\"><tbody><tr><td><a href=\"http:\/\/competencias.industriales.upm.es\/index.php\/1-aplica\/\" target=\"_blank\" rel=\"noreferrer noopener\" aria-label=\"\ufffc (abre en una nueva pesta\u00f1a)\"><img loading=\"lazy\" decoding=\"async\" width=\"300\" height=\"210\" class=\"wp-image-786\" style=\"width: 300px;\" src=\"http:\/\/competencias.industriales.upm.es\/wp-content\/uploads\/2019\/09\/1.jpg\" alt=\"\" srcset=\"https:\/\/competencias.industriales.upm.es\/wp-content\/uploads\/2019\/09\/1.jpg 905w, https:\/\/competencias.industriales.upm.es\/wp-content\/uploads\/2019\/09\/1-300x210.jpg 300w, https:\/\/competencias.industriales.upm.es\/wp-content\/uploads\/2019\/09\/1-768x537.jpg 768w\" sizes=\"auto, (max-width: 300px) 100vw, 300px\" \/><\/a><\/td><td><a href=\"http:\/\/competencias.industriales.upm.es\/index.php\/2-soluciona\/\" target=\"_blank\" rel=\"noreferrer noopener\" aria-label=\"\ufffc (abre en una nueva pesta\u00f1a)\"><img loading=\"lazy\" decoding=\"async\" width=\"300\" height=\"210\" class=\"wp-image-787\" style=\"width: 300px;\" src=\"http:\/\/competencias.industriales.upm.es\/wp-content\/uploads\/2019\/09\/2.jpg\" alt=\"\" srcset=\"https:\/\/competencias.industriales.upm.es\/wp-content\/uploads\/2019\/09\/2.jpg 905w, https:\/\/competencias.industriales.upm.es\/wp-content\/uploads\/2019\/09\/2-300x210.jpg 300w, https:\/\/competencias.industriales.upm.es\/wp-content\/uploads\/2019\/09\/2-768x538.jpg 768w\" sizes=\"auto, (max-width: 300px) 100vw, 300px\" \/><\/a><\/td><\/tr><tr><td><a href=\"http:\/\/competencias.industriales.upm.es\/index.php\/3-comunica-2\/\" target=\"_blank\" rel=\"noreferrer noopener\" aria-label=\"\ufffc (abre en una nueva pesta\u00f1a)\"><img loading=\"lazy\" decoding=\"async\" width=\"300\" height=\"210\" class=\"wp-image-788\" style=\"width: 300px;\" src=\"http:\/\/competencias.industriales.upm.es\/wp-content\/uploads\/2019\/09\/3.jpg\" alt=\"\" srcset=\"https:\/\/competencias.industriales.upm.es\/wp-content\/uploads\/2019\/09\/3.jpg 901w, https:\/\/competencias.industriales.upm.es\/wp-content\/uploads\/2019\/09\/3-300x210.jpg 300w, https:\/\/competencias.industriales.upm.es\/wp-content\/uploads\/2019\/09\/3-768x538.jpg 768w\" sizes=\"auto, (max-width: 300px) 100vw, 300px\" \/><\/a><\/td><td><a href=\"http:\/\/competencias.industriales.upm.es\/index.php\/4-es-responsable\/\" target=\"_blank\" rel=\"noreferrer noopener\" aria-label=\"\ufffc (abre en una nueva pesta\u00f1a)\"><img loading=\"lazy\" decoding=\"async\" width=\"300\" height=\"208\" class=\"wp-image-789\" style=\"width: 300px;\" src=\"http:\/\/competencias.industriales.upm.es\/wp-content\/uploads\/2019\/09\/4.jpg\" alt=\"\" srcset=\"https:\/\/competencias.industriales.upm.es\/wp-content\/uploads\/2019\/09\/4.jpg 904w, https:\/\/competencias.industriales.upm.es\/wp-content\/uploads\/2019\/09\/4-300x208.jpg 300w, https:\/\/competencias.industriales.upm.es\/wp-content\/uploads\/2019\/09\/4-768x534.jpg 768w\" sizes=\"auto, (max-width: 300px) 100vw, 300px\" \/><\/a><\/td><\/tr><tr><td><a href=\"http:\/\/competencias.industriales.upm.es\/index.php\/5-trabaja-en-equipo\/\" target=\"_blank\" rel=\"noreferrer noopener\" aria-label=\"\ufffc (abre en una nueva pesta\u00f1a)\"><img loading=\"lazy\" decoding=\"async\" width=\"300\" height=\"211\" class=\"wp-image-783\" style=\"width: 300px;\" src=\"http:\/\/competencias.industriales.upm.es\/wp-content\/uploads\/2019\/09\/5.jpg\" alt=\"\" srcset=\"https:\/\/competencias.industriales.upm.es\/wp-content\/uploads\/2019\/09\/5.jpg 898w, https:\/\/competencias.industriales.upm.es\/wp-content\/uploads\/2019\/09\/5-300x211.jpg 300w, https:\/\/competencias.industriales.upm.es\/wp-content\/uploads\/2019\/09\/5-768x540.jpg 768w\" sizes=\"auto, (max-width: 300px) 100vw, 300px\" \/><\/a><\/td><td><a href=\"http:\/\/competencias.industriales.upm.es\/index.php\/6-experimenta\/\" target=\"_blank\" rel=\"noreferrer noopener\" aria-label=\"\ufffc (abre en una nueva pesta\u00f1a)\"><img loading=\"lazy\" decoding=\"async\" width=\"300\" height=\"211\" class=\"wp-image-784\" style=\"width: 300px;\" src=\"http:\/\/competencias.industriales.upm.es\/wp-content\/uploads\/2019\/09\/6.jpg\" alt=\"\" srcset=\"https:\/\/competencias.industriales.upm.es\/wp-content\/uploads\/2019\/09\/6.jpg 904w, https:\/\/competencias.industriales.upm.es\/wp-content\/uploads\/2019\/09\/6-300x211.jpg 300w, https:\/\/competencias.industriales.upm.es\/wp-content\/uploads\/2019\/09\/6-768x539.jpg 768w\" sizes=\"auto, (max-width: 300px) 100vw, 300px\" \/><\/a><\/td><\/tr><tr><td><a href=\"http:\/\/competencias.industriales.upm.es\/index.php\/7-sigue-aprendiendo\/\" target=\"_blank\" rel=\"noreferrer noopener\" aria-label=\"\ufffc (abre en una nueva pesta\u00f1a)\"><img loading=\"lazy\" decoding=\"async\" width=\"300\" height=\"212\" class=\"wp-image-785\" style=\"width: 300px;\" src=\"http:\/\/competencias.industriales.upm.es\/wp-content\/uploads\/2019\/09\/7.jpg\" alt=\"\" srcset=\"https:\/\/competencias.industriales.upm.es\/wp-content\/uploads\/2019\/09\/7.jpg 902w, https:\/\/competencias.industriales.upm.es\/wp-content\/uploads\/2019\/09\/7-300x212.jpg 300w, https:\/\/competencias.industriales.upm.es\/wp-content\/uploads\/2019\/09\/7-768x543.jpg 768w\" sizes=\"auto, (max-width: 300px) 100vw, 300px\" \/><\/a><\/td><td><\/td><\/tr><\/tbody><\/table>\n\n\n\n<p><\/p>\n\n\n\n<p><strong>Competencias ABET anteriores al a\u00f1o 2019<\/strong><\/p>\n\n\n\n<table class=\"wp-block-table\"><tbody><tr><td><figure><a href=\"http:\/\/competencias.industriales.upm.es\/index.php\/inicio\/competencia-a-aplica\/\" target=\"_blank\" rel=\"noopener noreferrer\"><img loading=\"lazy\" decoding=\"async\" class=\"aligncenter wp-image-43\" src=\"http:\/\/competencias.industriales.upm.es\/wp-content\/uploads\/2017\/02\/Folleto_Competencias_octubre_201316-300x213.jpg\" alt=\"Competencia a) Aplica\" width=\"150\" height=\"106\" srcset=\"https:\/\/competencias.industriales.upm.es\/wp-content\/uploads\/2017\/02\/Folleto_Competencias_octubre_201316-300x213.jpg 300w, https:\/\/competencias.industriales.upm.es\/wp-content\/uploads\/2017\/02\/Folleto_Competencias_octubre_201316-768x545.jpg 768w, https:\/\/competencias.industriales.upm.es\/wp-content\/uploads\/2017\/02\/Folleto_Competencias_octubre_201316.jpg 958w\" sizes=\"auto, (max-width: 150px) 100vw, 150px\" \/><\/a><\/figure><\/td><td><figure><a href=\"http:\/\/competencias.industriales.upm.es\/index.php\/competencia-b-experimenta-2\/\" target=\"_blank\" rel=\"noopener noreferrer\"><img loading=\"lazy\" decoding=\"async\" class=\"aligncenter wp-image-44\" src=\"http:\/\/competencias.industriales.upm.es\/wp-content\/uploads\/2017\/02\/Folleto_Competencias_octubre_201319-300x213.jpg\" alt=\"Competencia b) Experimenta\" width=\"150\" height=\"106\" srcset=\"https:\/\/competencias.industriales.upm.es\/wp-content\/uploads\/2017\/02\/Folleto_Competencias_octubre_201319-300x213.jpg 300w, https:\/\/competencias.industriales.upm.es\/wp-content\/uploads\/2017\/02\/Folleto_Competencias_octubre_201319-768x545.jpg 768w, https:\/\/competencias.industriales.upm.es\/wp-content\/uploads\/2017\/02\/Folleto_Competencias_octubre_201319.jpg 958w\" sizes=\"auto, (max-width: 150px) 100vw, 150px\" \/><\/a><\/figure><\/td><td><figure><a href=\"http:\/\/competencias.industriales.upm.es\/index.php\/competencia-c-disena\/\" target=\"_blank\" rel=\"noopener noreferrer\"><img loading=\"lazy\" decoding=\"async\" class=\"aligncenter wp-image-45\" src=\"http:\/\/competencias.industriales.upm.es\/wp-content\/uploads\/2017\/02\/Folleto_Competencias_octubre_201324-300x213.jpg\" alt=\"Competencia c) Dise\u00f1a\" width=\"150\" height=\"106\" srcset=\"https:\/\/competencias.industriales.upm.es\/wp-content\/uploads\/2017\/02\/Folleto_Competencias_octubre_201324-300x213.jpg 300w, https:\/\/competencias.industriales.upm.es\/wp-content\/uploads\/2017\/02\/Folleto_Competencias_octubre_201324-768x545.jpg 768w, https:\/\/competencias.industriales.upm.es\/wp-content\/uploads\/2017\/02\/Folleto_Competencias_octubre_201324.jpg 958w\" sizes=\"auto, (max-width: 150px) 100vw, 150px\" \/><\/a><\/figure><\/td><\/tr><tr><td>a)&nbsp;Aplica<\/td><td>b) Experimenta<\/td><td>c) Dise\u00f1a<\/td><\/tr><tr><td><figure><a href=\"http:\/\/competencias.industriales.upm.es\/index.php\/competencia-d-trabaja-en-equipo\/\" target=\"_blank\" rel=\"noopener noreferrer\"><img loading=\"lazy\" decoding=\"async\" class=\"aligncenter wp-image-46\" src=\"http:\/\/competencias.industriales.upm.es\/wp-content\/uploads\/2017\/02\/Folleto_Competencias_octubre_201327-300x213.jpg\" alt=\"Competencia d) trabaja en equipo\" width=\"150\" height=\"106\" srcset=\"https:\/\/competencias.industriales.upm.es\/wp-content\/uploads\/2017\/02\/Folleto_Competencias_octubre_201327-300x213.jpg 300w, https:\/\/competencias.industriales.upm.es\/wp-content\/uploads\/2017\/02\/Folleto_Competencias_octubre_201327-768x545.jpg 768w, https:\/\/competencias.industriales.upm.es\/wp-content\/uploads\/2017\/02\/Folleto_Competencias_octubre_201327.jpg 958w\" sizes=\"auto, (max-width: 150px) 100vw, 150px\" \/><\/a><\/figure><\/td><td><figure><a href=\"http:\/\/competencias.industriales.upm.es\/index.php\/competencia-e-resuelve\/\" target=\"_blank\" rel=\"noopener noreferrer\"><img loading=\"lazy\" decoding=\"async\" class=\"aligncenter wp-image-47\" src=\"http:\/\/competencias.industriales.upm.es\/wp-content\/uploads\/2017\/02\/Folleto_Competencias_octubre_201331-300x213.jpg\" alt=\"Competencia e) Resuelve\" width=\"150\" height=\"106\" srcset=\"https:\/\/competencias.industriales.upm.es\/wp-content\/uploads\/2017\/02\/Folleto_Competencias_octubre_201331-300x213.jpg 300w, https:\/\/competencias.industriales.upm.es\/wp-content\/uploads\/2017\/02\/Folleto_Competencias_octubre_201331-768x545.jpg 768w, https:\/\/competencias.industriales.upm.es\/wp-content\/uploads\/2017\/02\/Folleto_Competencias_octubre_201331.jpg 958w\" sizes=\"auto, (max-width: 150px) 100vw, 150px\" \/><\/a><\/figure><\/td><td><figure><a href=\"http:\/\/competencias.industriales.upm.es\/index.php\/competencia-f-es-responsable\/\" target=\"_blank\" rel=\"noopener noreferrer\"><img loading=\"lazy\" decoding=\"async\" class=\"aligncenter wp-image-48\" src=\"http:\/\/competencias.industriales.upm.es\/wp-content\/uploads\/2017\/02\/Folleto_Competencias_octubre_201334-300x213.jpg\" alt=\"Competencia f) Es responsable\" width=\"150\" height=\"106\" srcset=\"https:\/\/competencias.industriales.upm.es\/wp-content\/uploads\/2017\/02\/Folleto_Competencias_octubre_201334-300x213.jpg 300w, https:\/\/competencias.industriales.upm.es\/wp-content\/uploads\/2017\/02\/Folleto_Competencias_octubre_201334-768x545.jpg 768w, https:\/\/competencias.industriales.upm.es\/wp-content\/uploads\/2017\/02\/Folleto_Competencias_octubre_201334.jpg 958w\" sizes=\"auto, (max-width: 150px) 100vw, 150px\" \/><\/a><\/figure><\/td><\/tr><tr><td>d) Trabaja en equipo<\/td><td>e) Resuelve<\/td><td>f) Es responsable<\/td><\/tr><tr><td><figure><a href=\"http:\/\/competencias.industriales.upm.es\/index.php\/competencia-g-comunica\/\" target=\"_blank\" rel=\"noopener noreferrer\"><img loading=\"lazy\" decoding=\"async\" class=\"aligncenter wp-image-49\" src=\"http:\/\/competencias.industriales.upm.es\/wp-content\/uploads\/2017\/02\/Folleto_Competencias_octubre_201337-300x213.jpg\" alt=\"Competencia g) Comunica\" width=\"150\" height=\"106\" srcset=\"https:\/\/competencias.industriales.upm.es\/wp-content\/uploads\/2017\/02\/Folleto_Competencias_octubre_201337-300x213.jpg 300w, https:\/\/competencias.industriales.upm.es\/wp-content\/uploads\/2017\/02\/Folleto_Competencias_octubre_201337-768x545.jpg 768w, https:\/\/competencias.industriales.upm.es\/wp-content\/uploads\/2017\/02\/Folleto_Competencias_octubre_201337.jpg 958w\" sizes=\"auto, (max-width: 150px) 100vw, 150px\" \/><\/a><\/figure><\/td><td><figure><a href=\"http:\/\/competencias.industriales.upm.es\/index.php\/competencia-h-entiende-los-impactos\/\"><img loading=\"lazy\" decoding=\"async\" class=\"aligncenter wp-image-50\" src=\"http:\/\/competencias.industriales.upm.es\/wp-content\/uploads\/2017\/02\/Folleto_Competencias_octubre_201343-300x213.jpg\" alt=\"Competencia h) Entiende los impactos\" width=\"150\" height=\"106\" srcset=\"https:\/\/competencias.industriales.upm.es\/wp-content\/uploads\/2017\/02\/Folleto_Competencias_octubre_201343-300x213.jpg 300w, https:\/\/competencias.industriales.upm.es\/wp-content\/uploads\/2017\/02\/Folleto_Competencias_octubre_201343-768x545.jpg 768w, https:\/\/competencias.industriales.upm.es\/wp-content\/uploads\/2017\/02\/Folleto_Competencias_octubre_201343.jpg 958w\" sizes=\"auto, (max-width: 150px) 100vw, 150px\" \/><\/a><\/figure><\/td><td><figure><a href=\"http:\/\/competencias.industriales.upm.es\/index.php\/inicio\/competencia-i-se-actualiza\/\"><img loading=\"lazy\" decoding=\"async\" class=\"aligncenter wp-image-51\" src=\"http:\/\/competencias.industriales.upm.es\/wp-content\/uploads\/2017\/02\/Folleto_Competencias_octubre_201346-300x213.jpg\" alt=\"Competencia i) Se actualiza\" width=\"150\" height=\"106\" srcset=\"https:\/\/competencias.industriales.upm.es\/wp-content\/uploads\/2017\/02\/Folleto_Competencias_octubre_201346-300x213.jpg 300w, https:\/\/competencias.industriales.upm.es\/wp-content\/uploads\/2017\/02\/Folleto_Competencias_octubre_201346-768x545.jpg 768w, https:\/\/competencias.industriales.upm.es\/wp-content\/uploads\/2017\/02\/Folleto_Competencias_octubre_201346.jpg 958w\" sizes=\"auto, (max-width: 150px) 100vw, 150px\" \/><\/a><\/figure><\/td><\/tr><tr><td>g) Comunica<\/td><td>h) Entiende los impactos<\/td><td>i) Se actualiza<\/td><\/tr><tr><td><figure><a href=\"http:\/\/competencias.industriales.upm.es\/index.php\/competencia-j-conoce\/\" target=\"_blank\" rel=\"noopener noreferrer\"><img loading=\"lazy\" decoding=\"async\" class=\"aligncenter wp-image-52\" src=\"http:\/\/competencias.industriales.upm.es\/wp-content\/uploads\/2017\/02\/Folleto_Competencias_octubre_201349-300x213.jpg\" alt=\"Competencia j) Conoce\" width=\"150\" height=\"106\" srcset=\"https:\/\/competencias.industriales.upm.es\/wp-content\/uploads\/2017\/02\/Folleto_Competencias_octubre_201349-300x213.jpg 300w, https:\/\/competencias.industriales.upm.es\/wp-content\/uploads\/2017\/02\/Folleto_Competencias_octubre_201349-768x545.jpg 768w, https:\/\/competencias.industriales.upm.es\/wp-content\/uploads\/2017\/02\/Folleto_Competencias_octubre_201349.jpg 958w\" sizes=\"auto, (max-width: 150px) 100vw, 150px\" \/><\/a><\/figure><\/td><td><figure><a href=\"http:\/\/competencias.industriales.upm.es\/index.php\/competencia-k-usa-herramientas\/\" target=\"_blank\" rel=\"noopener noreferrer\"><img loading=\"lazy\" decoding=\"async\" class=\"aligncenter wp-image-53\" src=\"http:\/\/competencias.industriales.upm.es\/wp-content\/uploads\/2017\/02\/Folleto_Competencias_octubre_201353-300x213.jpg\" alt=\"Competencia k) Usa herramientas\" width=\"150\" height=\"106\" srcset=\"https:\/\/competencias.industriales.upm.es\/wp-content\/uploads\/2017\/02\/Folleto_Competencias_octubre_201353-300x213.jpg 300w, https:\/\/competencias.industriales.upm.es\/wp-content\/uploads\/2017\/02\/Folleto_Competencias_octubre_201353-768x545.jpg 768w, https:\/\/competencias.industriales.upm.es\/wp-content\/uploads\/2017\/02\/Folleto_Competencias_octubre_201353.jpg 958w\" sizes=\"auto, (max-width: 150px) 100vw, 150px\" \/><\/a><\/figure><\/td><td><figure><a href=\"http:\/\/competencias.industriales.upm.es\/index.php\/competencia-l-es-bilingue\/\" target=\"_blank\" rel=\"noopener noreferrer\"><img loading=\"lazy\" decoding=\"async\" class=\"aligncenter wp-image-450\" src=\"http:\/\/competencias.industriales.upm.es\/wp-content\/uploads\/2017\/02\/ingles.jpg\" width=\"150\" height=\"104\" srcset=\"https:\/\/competencias.industriales.upm.es\/wp-content\/uploads\/2017\/02\/ingles.jpg 1274w, https:\/\/competencias.industriales.upm.es\/wp-content\/uploads\/2017\/02\/ingles-300x208.jpg 300w, https:\/\/competencias.industriales.upm.es\/wp-content\/uploads\/2017\/02\/ingles-768x534.jpg 768w, https:\/\/competencias.industriales.upm.es\/wp-content\/uploads\/2017\/02\/ingles-1024x711.jpg 1024w\" sizes=\"auto, (max-width: 150px) 100vw, 150px\" \/><\/a><\/figure><\/td><\/tr><tr><td>j) Conoce<\/td><td>k) Usa herramientas<\/td><td>l) Es&nbsp;biling\u00fce<\/td><\/tr><tr><td><figure><a href=\"http:\/\/competencias.industriales.upm.es\/index.php\/competencia-m-organiza\/\" target=\"_blank\" rel=\"noopener noreferrer\"><img loading=\"lazy\" decoding=\"async\" class=\"aligncenter wp-image-451\" src=\"http:\/\/competencias.industriales.upm.es\/wp-content\/uploads\/2017\/02\/organiza.jpg\" width=\"150\" height=\"106\" srcset=\"https:\/\/competencias.industriales.upm.es\/wp-content\/uploads\/2017\/02\/organiza.jpg 1268w, https:\/\/competencias.industriales.upm.es\/wp-content\/uploads\/2017\/02\/organiza-300x213.jpg 300w, https:\/\/competencias.industriales.upm.es\/wp-content\/uploads\/2017\/02\/organiza-768x545.jpg 768w, https:\/\/competencias.industriales.upm.es\/wp-content\/uploads\/2017\/02\/organiza-1024x726.jpg 1024w\" sizes=\"auto, (max-width: 150px) 100vw, 150px\" \/><\/a><\/figure><\/td><td><figure><a href=\"http:\/\/competencias.industriales.upm.es\/index.php\/competencia-n-creatividad\/\" target=\"_blank\" rel=\"noopener noreferrer\"><img loading=\"lazy\" decoding=\"async\" class=\"aligncenter wp-image-449\" src=\"http:\/\/competencias.industriales.upm.es\/wp-content\/uploads\/2017\/02\/creatividad.jpg\" width=\"150\" height=\"105\" srcset=\"https:\/\/competencias.industriales.upm.es\/wp-content\/uploads\/2017\/02\/creatividad.jpg 1274w, https:\/\/competencias.industriales.upm.es\/wp-content\/uploads\/2017\/02\/creatividad-300x210.jpg 300w, https:\/\/competencias.industriales.upm.es\/wp-content\/uploads\/2017\/02\/creatividad-768x538.jpg 768w, https:\/\/competencias.industriales.upm.es\/wp-content\/uploads\/2017\/02\/creatividad-1024x717.jpg 1024w\" sizes=\"auto, (max-width: 150px) 100vw, 150px\" \/><\/a><\/figure><\/td><td>&nbsp;<\/td><\/tr><tr><td>m) Organiza<\/td><td>n) Creatividad<\/td><td>&nbsp;<\/td><\/tr><tr><td>&nbsp;<\/td><td>&nbsp;<\/td><\/tr><\/tbody><\/table>\n","protected":false},"excerpt":{"rendered":"<p>En&nbsp;este sitio encontrar\u00e1 aquella informaci\u00f3n relativa a las competencias ABET,&nbsp; EUR-ACE&nbsp;&nbsp;y UPM que se implementan en la formaci\u00f3n de los estudiantes de la ETS Ingenieros Industriales de Madrid de la UPM. Pinchando sobre la competencia deseada obtendr\u00e1 informaci\u00f3n sobre los indicadores y actividades recomendadas, as\u00ed como de las mejoras que se vayan incorporando para garantizar &hellip; <\/p>\n<p class=\"link-more\"><a href=\"https:\/\/competencias.industriales.upm.es\/\" class=\"more-link\">Continuar leyendo<span class=\"screen-reader-text\"> \u00abInicio\u00bb<\/span><\/a><\/p>\n","protected":false},"author":1,"featured_media":0,"parent":0,"menu_order":0,"comment_status":"closed","ping_status":"closed","template":"","meta":{"footnotes":""},"class_list":["post-4","page","type-page","status-publish","hentry"],"_links":{"self":[{"href":"https:\/\/competencias.industriales.upm.es\/index.php\/wp-json\/wp\/v2\/pages\/4","targetHints":{"allow":["GET"]}}],"collection":[{"href":"https:\/\/competencias.industriales.upm.es\/index.php\/wp-json\/wp\/v2\/pages"}],"about":[{"href":"https:\/\/competencias.industriales.upm.es\/index.php\/wp-json\/wp\/v2\/types\/page"}],"author":[{"embeddable":true,"href":"https:\/\/competencias.industriales.upm.es\/index.php\/wp-json\/wp\/v2\/users\/1"}],"replies":[{"embeddable":true,"href":"https:\/\/competencias.industriales.upm.es\/index.php\/wp-json\/wp\/v2\/comments?post=4"}],"version-history":[{"count":34,"href":"https:\/\/competencias.industriales.upm.es\/index.php\/wp-json\/wp\/v2\/pages\/4\/revisions"}],"predecessor-version":[{"id":886,"href":"https:\/\/competencias.industriales.upm.es\/index.php\/wp-json\/wp\/v2\/pages\/4\/revisions\/886"}],"wp:attachment":[{"href":"https:\/\/competencias.industriales.upm.es\/index.php\/wp-json\/wp\/v2\/media?parent=4"}],"curies":[{"name":"wp","href":"https:\/\/api.w.org\/{rel}","templated":true}]}}