{"id":882,"date":"2019-09-21T21:11:16","date_gmt":"2019-09-21T20:11:16","guid":{"rendered":"http:\/\/competencias.industriales.upm.es\/?page_id=882"},"modified":"2019-09-21T21:11:16","modified_gmt":"2019-09-21T20:11:16","slug":"3-comunica-2","status":"publish","type":"page","link":"https:\/\/competencias.industriales.upm.es\/index.php\/3-comunica-2\/","title":{"rendered":"3- Comunica"},"content":{"rendered":"\n<p>La competencia ABET 3 se define como:<\/p>\n\n\n\n<h4 class=\"wp-block-heading\">An ability to <strong>communicate effectively with a range of audiences<\/strong><\/h4>\n\n\n\n<p>Se puede definir esta competencia como \u201cla capacidad para transmitir &nbsp;conocimientos&nbsp;y expresar ideas y argumentos de manera clara, rigurosa y convincente,&nbsp;tanto de forma oral como escrita, utilizando los recursos gr\u00e1ficos y los medios&nbsp;necesarios adecuadamente y adapt\u00e1ndose a las caracter\u00edsticas de la situaci\u00f3n y&nbsp;de la audiencia\u201d.<\/p>\n\n\n\n<p>Es importante indicar que esta competencia tiene dos vertientes:<\/p>\n\n\n\n<ol class=\"wp-block-list\"><li>La comunicaci\u00f3n oral.<\/li><li>La comunicaci\u00f3n escrita.<\/li><\/ol>\n\n\n\n<p>Por lo tanto esta competencia est\u00e1 muy ligada a:<\/p>\n\n\n\n<ul class=\"wp-block-list\"><li>Transmisi\u00f3n o comunicaci\u00f3n de ideas, planteamientos y soluciones.<\/li><li>La utilizaci\u00f3n de recursos gr\u00e1ficos como dibujos, tablas o gr\u00e1ficas, v\u00eddeos,<br>etc.<\/li><li>&nbsp;La utilizaci\u00f3n de proyectores u otros medios de proyecci\u00f3n.<\/li><li>El conocimiento de la audiencia o p\u00fablico que va ser el oyente o receptor<br>de las informaciones transmitidas.<\/li><\/ul>\n\n\n\n<p>Documento marco de la competencia ABET 3 (antes\u00a0<a href=\"http:\/\/competencias.industriales.upm.es\/wp-content\/uploads\/2017\/02\/competencia-g.pdf\">competencia g<\/a>)<\/p>\n\n\n\n<p><a href=\"http:\/\/competencias.industriales.upm.es\/index.php\/plan-de-mejora-de-la-competencia-g-comunica\/\" target=\"_blank\" rel=\"noreferrer noopener\">Plan de mejora de la competencia g)&nbsp;Comunica<\/a><\/p>\n","protected":false},"excerpt":{"rendered":"<p>La competencia ABET 3 se define como: An ability to communicate effectively with a range of audiences Se puede definir esta competencia como \u201cla capacidad para transmitir &nbsp;conocimientos&nbsp;y expresar ideas y argumentos de manera clara, rigurosa y convincente,&nbsp;tanto de forma oral como escrita, utilizando los recursos gr\u00e1ficos y los medios&nbsp;necesarios adecuadamente y adapt\u00e1ndose a las &hellip; <\/p>\n<p class=\"link-more\"><a href=\"https:\/\/competencias.industriales.upm.es\/index.php\/3-comunica-2\/\" class=\"more-link\">Continuar leyendo<span class=\"screen-reader-text\"> \u00ab3- Comunica\u00bb<\/span><\/a><\/p>\n","protected":false},"author":1,"featured_media":0,"parent":0,"menu_order":0,"comment_status":"closed","ping_status":"closed","template":"","meta":{"footnotes":""},"class_list":["post-882","page","type-page","status-publish","hentry"],"_links":{"self":[{"href":"https:\/\/competencias.industriales.upm.es\/index.php\/wp-json\/wp\/v2\/pages\/882","targetHints":{"allow":["GET"]}}],"collection":[{"href":"https:\/\/competencias.industriales.upm.es\/index.php\/wp-json\/wp\/v2\/pages"}],"about":[{"href":"https:\/\/competencias.industriales.upm.es\/index.php\/wp-json\/wp\/v2\/types\/page"}],"author":[{"embeddable":true,"href":"https:\/\/competencias.industriales.upm.es\/index.php\/wp-json\/wp\/v2\/users\/1"}],"replies":[{"embeddable":true,"href":"https:\/\/competencias.industriales.upm.es\/index.php\/wp-json\/wp\/v2\/comments?post=882"}],"version-history":[{"count":1,"href":"https:\/\/competencias.industriales.upm.es\/index.php\/wp-json\/wp\/v2\/pages\/882\/revisions"}],"predecessor-version":[{"id":883,"href":"https:\/\/competencias.industriales.upm.es\/index.php\/wp-json\/wp\/v2\/pages\/882\/revisions\/883"}],"wp:attachment":[{"href":"https:\/\/competencias.industriales.upm.es\/index.php\/wp-json\/wp\/v2\/media?parent=882"}],"curies":[{"name":"wp","href":"https:\/\/api.w.org\/{rel}","templated":true}]}}